{"id":394,"date":"2025-03-06T09:25:00","date_gmt":"2025-03-06T09:25:00","guid":{"rendered":"https:\/\/alsemacproject.com\/accueil\/"},"modified":"2026-01-14T09:55:24","modified_gmt":"2026-01-14T09:55:24","slug":"accueil","status":"publish","type":"page","link":"https:\/\/alsemacproject.com\/fr\/","title":{"rendered":"Accueil"},"content":{"rendered":"<section class=\"l-section wpb_row height_medium\"><div class=\"l-section-h i-cf\"><div class=\"g-cols vc_row via_grid cols_2-1 laptops-cols_inherit tablets-cols_inherit mobiles-cols_1 valign_bottom type_default stacking_default\" style=\"--columns-gap:1rem;\"><div class=\"wpb_column vc_column_container us_custom_ce818c3b us_animate_this has_bg_color\"><div class=\"vc_column-inner\"><div class=\"g-cols wpb_row us_custom_aab3a873 via_grid cols_6 laptops-cols_inherit tablets-cols_4 mobiles-cols_3 valign_top type_default stacking_default\" style=\"--columns-gap:3rem;\"><div class=\"wpb_column vc_column_container\"><div class=\"vc_column-inner\"><div class=\"w-image has_ratio align_none\"><div class=\"w-image-h\"><div style=\"padding-bottom:56.25%\"><\/div><img decoding=\"async\" width=\"2500\" height=\"2500\" src=\"https:\/\/alsemacproject.com\/wp-content\/uploads\/2025\/03\/favicon-web-1.png\" class=\"attachment-full size-full\" alt=\"\" loading=\"lazy\" \/><\/div><\/div><\/div><\/div><div class=\"wpb_column vc_column_container hide_on_mobiles\"><div class=\"vc_column-inner\"><\/div><\/div><div class=\"wpb_column vc_column_container hide_on_mobiles\"><div class=\"vc_column-inner\"><\/div><\/div><div class=\"wpb_column vc_column_container hide_on_mobiles\"><div class=\"vc_column-inner\"><\/div><\/div><div class=\"wpb_column vc_column_container hide_on_tablets hide_on_mobiles\"><div class=\"vc_column-inner\"><\/div><\/div><div class=\"wpb_column vc_column_container hide_on_tablets hide_on_mobiles\"><div class=\"vc_column-inner\"><\/div><\/div><\/div><div class=\"g-cols wpb_row via_grid cols_3-2 laptops-cols_inherit tablets-cols_inherit mobiles-cols_1 valign_top type_default stacking_default\" style=\"--columns-gap:3rem;\"><div class=\"wpb_column vc_column_container\"><div class=\"vc_column-inner\"><div class=\"w-separator us_custom_aab3a873 size_small with_line width_default thick_1 style_solid color_secondary align_center\"><div class=\"w-separator-h\"><\/div><\/div><\/div><\/div><div class=\"wpb_column vc_column_container hide_on_mobiles\"><div class=\"vc_column-inner\"><\/div><\/div><\/div><h1 class=\"w-text us_custom_af647245 has_text_color\"><span class=\"w-text-h\"><span class=\"w-text-value\">Projet ALSEMAC<\/span><\/span><\/h1><div class=\"wpb_text_column us_custom_4a4e4cdb has_text_color\"><div class=\"wpb_wrapper\"><p style=\"text-align: left;\">Des aliments s\u00fbrs, sains et durables, produits dans un cadre d\u2019\u00e9conomie circulaire efficace.<\/p>\n<\/div><\/div><div class=\"w-separator size_medium\"><\/div><div class=\"w-btn-wrapper align_none\"><a class=\"w-btn us-btn-style_2 us_custom_aab3a873 icon_atright\" href=\"#proyecto\"><span class=\"w-btn-label\">D\u00e9couvrez le projet<\/span><i class=\"fal fa-arrow-right\"><\/i><\/a><\/div><div class=\"w-separator size_custom\" style=\"height:10PX\"><\/div><\/div><\/div><div class=\"wpb_column vc_column_container us_custom_1a58fa15 us_animate_this\"><div class=\"vc_column-inner\"><div class=\"w-image us_custom_97fa87a2 has_ratio align_none\"><div class=\"w-image-h\"><div style=\"padding-bottom:133.3333%\"><\/div><img decoding=\"async\" width=\"2481\" height=\"3508\" src=\"https:\/\/alsemacproject.com\/wp-content\/uploads\/2025\/03\/PRUEBA1.png\" class=\"attachment-full size-full\" alt=\"\" loading=\"lazy\" \/><\/div><\/div><\/div><\/div><\/div><\/div><\/section><section class=\"l-section wpb_row height_medium\" id=\"proyecto\"><div class=\"l-section-h i-cf\"><div class=\"g-cols vc_row via_grid cols_2-1 laptops-cols_inherit tablets-cols_1 mobiles-cols_1 valign_top type_default stacking_default\"><div class=\"wpb_column vc_column_container us_custom_417d81f7 us_animate_this\"><div class=\"vc_column-inner\"><h1 class=\"w-text us_custom_a2e7a702\"><span class=\"w-text-h\"><span class=\"w-text-value\">Le projet<\/span><\/span><\/h1><div class=\"g-cols wpb_row via_grid cols_3-2 laptops-cols_inherit tablets-cols_inherit mobiles-cols_1 valign_top type_default stacking_default\" style=\"--columns-gap:3rem;\"><div class=\"wpb_column vc_column_container\"><div class=\"vc_column-inner\"><div class=\"w-separator us_custom_8f2ba1f4 us_animate_this size_custom with_line width_default thick_1 style_solid color_border align_center\" style=\"height:\"><div class=\"w-separator-h\"><\/div><\/div><\/div><\/div><div class=\"wpb_column vc_column_container hide_on_mobiles\"><div class=\"vc_column-inner\"><\/div><\/div><\/div><div class=\"w-separator size_small\"><\/div><div class=\"wpb_text_column us_custom_500bed1f\"><div class=\"wpb_wrapper\"><p class=\"p1\">ALSEMAC est une initiative ax\u00e9e sur la promotion d\u2019une production et d\u2019une consommation responsables d\u2019aliments s\u00fbrs, sains et durables (triple\u2011S) dans un cadre d\u2019\u00e9conomie circulaire.<\/p>\n<\/div><\/div><\/div><\/div><div class=\"wpb_column vc_column_container us_custom_11d11011 us_animate_this has_bg_color\"><div class=\"vc_column-inner\"><div class=\"wpb_text_column us_custom_4d12b75b\"><div class=\"wpb_wrapper\"><p class=\"p1\" style=\"text-align: left;\">Les r\u00e9sultats attendus comprennent la collecte d\u2019informations sur les dangers alimentaires potentiels et la promotion de la durabilit\u00e9 de la production locale par des pratiques de culture int\u00e9gr\u00e9e et de fertilisation organique, afin de r\u00e9duire l\u2019empreinte carbone.<\/p>\n<p class=\"p1\" style=\"text-align: left;\">Dans une phase ult\u00e9rieure, le projet se concentrera sur la <strong>promotion d\u2019une consommation responsable<\/strong>, \u00e0 l\u2019aide d\u2019enqu\u00eates sur la perception de l\u2019\u00e9conomie circulaire et de la s\u00e9curit\u00e9 alimentaire, et en introduisant le concept de \u00ab faim cach\u00e9e \u00bb.<\/p>\n<\/div><\/div><\/div><\/div><\/div><\/div><\/section><section class=\"l-section wpb_row height_small\"><div class=\"l-section-h i-cf\"><div class=\"g-cols vc_row via_grid cols_1 laptops-cols_inherit tablets-cols_inherit mobiles-cols_1 valign_top type_default stacking_default\"><div class=\"wpb_column vc_column_container\"><div class=\"vc_column-inner\"><div class=\"w-separator us_custom_8f2ba1f4 us_animate_this size_custom with_line width_default thick_1 style_solid color_border align_center\" style=\"height:\"><div class=\"w-separator-h\"><\/div><\/div><div class=\"w-separator size_large\"><\/div><h2 class=\"w-text us_custom_4bc06db1 us_animate_this\"><span class=\"w-text-h\"><span class=\"w-text-value\">Pertinence et contexte<\/span><\/span><\/h2><\/div><\/div><\/div><\/div><\/section><section class=\"l-section wpb_row height_medium\"><div class=\"l-section-h i-cf\"><div class=\"g-cols vc_row via_grid cols_3 laptops-cols_inherit tablets-cols_2 mobiles-cols_1 valign_top type_default stacking_default\" style=\"--columns-gap:0.8rem;\"><div class=\"wpb_column vc_column_container us_custom_2916c6c6 us_animate_this has_bg_color\"><div class=\"vc_column-inner\"><div class=\"w-separator size_small\"><\/div><div class=\"wpb_text_column us_custom_40f7935c has_text_color\"><div class=\"wpb_wrapper\"><h4>01\/ P\u00e9rim\u00e8tre<\/h4>\n<p class=\"p1\">\u00celes Canaries, Mad\u00e8re, A\u00e7ores, Cap\u2011Vert, Ghana, C\u00f4te d\u2019Ivoire et S\u00e9n\u00e9gal.<\/p>\n<\/div><\/div><div class=\"w-separator size_small\"><\/div><\/div><\/div><div class=\"wpb_column vc_column_container us_custom_3e117a41 us_animate_this has_bg_color\"><div class=\"vc_column-inner\"><div class=\"w-separator size_small\"><\/div><div class=\"wpb_text_column\"><div class=\"wpb_wrapper\"><h4>02\/ D\u00e9fis communs<\/h4>\n<p class=\"p1\">Faire avancer la transformation des syst\u00e8mes alimentaires des r\u00e9gions concern\u00e9es par le projet vers un syst\u00e8me alimentaire centr\u00e9 sur des aliments s\u00fbrs, nutritifs, disponibles et durables, en plus d\u2019\u00eatre accessibles \u00e0 la population \u2013 des aliments que nous qualifions de triple\u2011S.<\/p>\n<\/div><\/div><\/div><\/div><div class=\"wpb_column vc_column_container us_custom_ff9fa581 us_animate_this has_bg_color\"><div class=\"vc_column-inner\"><div class=\"w-separator size_small\"><\/div><div class=\"wpb_text_column\"><div class=\"wpb_wrapper\"><h4>03\/ Approche<\/h4>\n<p class=\"p1\">Ce projet se con\u00e7oit comme un \u00e9change d\u2019exp\u00e9riences pour \u00e9laborer une strat\u00e9gie commune de production et de consommation responsables d\u2019aliments dans un cadre d\u2019\u00e9conomie circulaire.<\/p>\n<ul>\n<li class=\"p1\">\u00celes Canaries, Mad\u00e8re et A\u00e7ores : surveillance des contaminants dans les aliments, promotion de la durabilit\u00e9 de la production et valorisation des produits locaux par des actions d\u2019\u00e9conomie circulaire. <\/li>\n<li class=\"p1\">Cap\u2011Vert : surveillance des contaminants, promotion d\u2019une production durable, \u00e9valuation du risque li\u00e9 \u00e0 l\u2019ingestion de contaminants et de la nutrition de la population, et mise en place de mesures de sensibilisation pour une consommation responsable et le soutien aux produits locaux.<\/li>\n<li class=\"p1\">Au Ghana, en C\u00f4te d\u2019Ivoire et au S\u00e9n\u00e9gal : un programme pilote de surveillance sera lanc\u00e9.<\/li>\n<\/ul>\n<\/div><\/div><div class=\"w-separator size_small\"><\/div><\/div><\/div><\/div><\/div><\/section>\n","protected":false},"excerpt":{"rendered":"","protected":false},"author":1,"featured_media":0,"parent":0,"menu_order":0,"comment_status":"closed","ping_status":"closed","template":"","meta":{"_acf_changed":false,"footnotes":""},"class_list":["post-394","page","type-page","status-publish","hentry"],"acf":[],"_links":{"self":[{"href":"https:\/\/alsemacproject.com\/fr\/wp-json\/wp\/v2\/pages\/394","targetHints":{"allow":["GET"]}}],"collection":[{"href":"https:\/\/alsemacproject.com\/fr\/wp-json\/wp\/v2\/pages"}],"about":[{"href":"https:\/\/alsemacproject.com\/fr\/wp-json\/wp\/v2\/types\/page"}],"author":[{"embeddable":true,"href":"https:\/\/alsemacproject.com\/fr\/wp-json\/wp\/v2\/users\/1"}],"replies":[{"embeddable":true,"href":"https:\/\/alsemacproject.com\/fr\/wp-json\/wp\/v2\/comments?post=394"}],"version-history":[{"count":10,"href":"https:\/\/alsemacproject.com\/fr\/wp-json\/wp\/v2\/pages\/394\/revisions"}],"predecessor-version":[{"id":435,"href":"https:\/\/alsemacproject.com\/fr\/wp-json\/wp\/v2\/pages\/394\/revisions\/435"}],"wp:attachment":[{"href":"https:\/\/alsemacproject.com\/fr\/wp-json\/wp\/v2\/media?parent=394"}],"curies":[{"name":"wp","href":"https:\/\/api.w.org\/{rel}","templated":true}]}}