{"id":379,"date":"2025-03-06T09:25:00","date_gmt":"2025-03-06T09:25:00","guid":{"rendered":"https:\/\/alsemacproject.com\/inicio\/"},"modified":"2026-01-14T10:04:27","modified_gmt":"2026-01-14T10:04:27","slug":"inicio","status":"publish","type":"page","link":"https:\/\/alsemacproject.com\/pt-pt\/","title":{"rendered":"In\u00edcio"},"content":{"rendered":"<section class=\"l-section wpb_row height_medium\"><div class=\"l-section-h i-cf\"><div class=\"g-cols vc_row via_grid cols_2-1 laptops-cols_inherit tablets-cols_inherit mobiles-cols_1 valign_bottom type_default stacking_default\" style=\"--columns-gap:1rem;\"><div class=\"wpb_column vc_column_container us_custom_ce818c3b us_animate_this has_bg_color\"><div class=\"vc_column-inner\"><div class=\"g-cols wpb_row us_custom_aab3a873 via_grid cols_6 laptops-cols_inherit tablets-cols_4 mobiles-cols_3 valign_top type_default stacking_default\" style=\"--columns-gap:3rem;\"><div class=\"wpb_column vc_column_container\"><div class=\"vc_column-inner\"><div class=\"w-image has_ratio align_none\"><div class=\"w-image-h\"><div style=\"padding-bottom:56.25%\"><\/div><img decoding=\"async\" width=\"2500\" height=\"2500\" src=\"https:\/\/alsemacproject.com\/wp-content\/uploads\/2025\/03\/favicon-web-1.png\" class=\"attachment-full size-full\" alt=\"\" loading=\"lazy\" \/><\/div><\/div><\/div><\/div><div class=\"wpb_column vc_column_container hide_on_mobiles\"><div class=\"vc_column-inner\"><\/div><\/div><div class=\"wpb_column vc_column_container hide_on_mobiles\"><div class=\"vc_column-inner\"><\/div><\/div><div class=\"wpb_column vc_column_container hide_on_mobiles\"><div class=\"vc_column-inner\"><\/div><\/div><div class=\"wpb_column vc_column_container hide_on_tablets hide_on_mobiles\"><div class=\"vc_column-inner\"><\/div><\/div><div class=\"wpb_column vc_column_container hide_on_tablets hide_on_mobiles\"><div class=\"vc_column-inner\"><\/div><\/div><\/div><div class=\"g-cols wpb_row via_grid cols_3-2 laptops-cols_inherit tablets-cols_inherit mobiles-cols_1 valign_top type_default stacking_default\" style=\"--columns-gap:3rem;\"><div class=\"wpb_column vc_column_container\"><div class=\"vc_column-inner\"><div class=\"w-separator us_custom_aab3a873 size_small with_line width_default thick_1 style_solid color_secondary align_center\"><div class=\"w-separator-h\"><\/div><\/div><\/div><\/div><div class=\"wpb_column vc_column_container hide_on_mobiles\"><div class=\"vc_column-inner\"><\/div><\/div><\/div><h1 class=\"w-text us_custom_af647245 has_text_color\"><span class=\"w-text-h\"><span class=\"w-text-value\">Projeto ALSEMAC<\/span><\/span><\/h1><div class=\"wpb_text_column us_custom_4a4e4cdb has_text_color\"><div class=\"wpb_wrapper\"><p style=\"text-align: left;\">Alimentos seguros, saud\u00e1veis e sustent\u00e1veis, produzidos num quadro de economia circular eficiente.<\/p>\n<\/div><\/div><div class=\"w-separator size_medium\"><\/div><div class=\"w-btn-wrapper align_none\"><a class=\"w-btn us-btn-style_2 us_custom_aab3a873 icon_atright\" href=\"#proyecto\"><span class=\"w-btn-label\">Conhe\u00e7a o projeto<\/span><i class=\"fal fa-arrow-right\"><\/i><\/a><\/div><div class=\"w-separator size_custom\" style=\"height:10PX\"><\/div><\/div><\/div><div class=\"wpb_column vc_column_container us_custom_1a58fa15 us_animate_this\"><div class=\"vc_column-inner\"><div class=\"w-image us_custom_97fa87a2 has_ratio align_none\"><div class=\"w-image-h\"><div style=\"padding-bottom:133.3333%\"><\/div><img decoding=\"async\" width=\"2481\" height=\"3508\" src=\"https:\/\/alsemacproject.com\/wp-content\/uploads\/2025\/03\/PRUEBA1.png\" class=\"attachment-full size-full\" alt=\"\" loading=\"lazy\" \/><\/div><\/div><\/div><\/div><\/div><\/div><\/section><section class=\"l-section wpb_row height_medium\" id=\"proyecto\"><div class=\"l-section-h i-cf\"><div class=\"g-cols vc_row via_grid cols_2-1 laptops-cols_inherit tablets-cols_1 mobiles-cols_1 valign_top type_default stacking_default\"><div class=\"wpb_column vc_column_container us_custom_417d81f7 us_animate_this\"><div class=\"vc_column-inner\"><h1 class=\"w-text us_custom_a2e7a702\"><span class=\"w-text-h\"><span class=\"w-text-value\">O projeto<\/span><\/span><\/h1><div class=\"g-cols wpb_row via_grid cols_3-2 laptops-cols_inherit tablets-cols_inherit mobiles-cols_1 valign_top type_default stacking_default\" style=\"--columns-gap:3rem;\"><div class=\"wpb_column vc_column_container\"><div class=\"vc_column-inner\"><div class=\"w-separator us_custom_8f2ba1f4 us_animate_this size_custom with_line width_default thick_1 style_solid color_border align_center\" style=\"height:\"><div class=\"w-separator-h\"><\/div><\/div><\/div><\/div><div class=\"wpb_column vc_column_container hide_on_mobiles\"><div class=\"vc_column-inner\"><\/div><\/div><\/div><div class=\"w-separator size_small\"><\/div><div class=\"wpb_text_column us_custom_500bed1f\"><div class=\"wpb_wrapper\"><p class=\"p1\">O ALSEMAC \u00e9 uma iniciativa centrada na promo\u00e7\u00e3o da produ\u00e7\u00e3o e do consumo respons\u00e1veis de alimentos seguros, saud\u00e1veis e sustent\u00e1veis (tripla\u2011S) num quadro de economia circular.<\/p>\n<\/div><\/div><\/div><\/div><div class=\"wpb_column vc_column_container us_custom_11d11011 us_animate_this has_bg_color\"><div class=\"vc_column-inner\"><div class=\"wpb_text_column us_custom_4d12b75b\"><div class=\"wpb_wrapper\"><p class=\"p1\" style=\"text-align: left;\">Os resultados esperados incluem a obten\u00e7\u00e3o de informa\u00e7\u00e3o sobre poss\u00edveis perigos alimentares e a promo\u00e7\u00e3o da sustentabilidade da produ\u00e7\u00e3o local atrav\u00e9s de pr\u00e1ticas de cultivo integrado e fertiliza\u00e7\u00e3o org\u00e2nica, para reduzir a pegada de carbono.<\/p>\n<p class=\"p1\" style=\"text-align: left;\">Numa fase posterior, o projeto focar\u2011se\u2011\u00e1 na promo\u00e7\u00e3o do consumo respons\u00e1vel, utilizando inqu\u00e9ritos sobre as perce\u00e7\u00f5es da economia circular e da seguran\u00e7a alimentar e introduzindo o conceito de \u201cfome oculta\u201d.<\/p>\n<\/div><\/div><\/div><\/div><\/div><\/div><\/section><section class=\"l-section wpb_row height_small\"><div class=\"l-section-h i-cf\"><div class=\"g-cols vc_row via_grid cols_1 laptops-cols_inherit tablets-cols_inherit mobiles-cols_1 valign_top type_default stacking_default\"><div class=\"wpb_column vc_column_container\"><div class=\"vc_column-inner\"><div class=\"w-separator us_custom_8f2ba1f4 us_animate_this size_custom with_line width_default thick_1 style_solid color_border align_center\" style=\"height:\"><div class=\"w-separator-h\"><\/div><\/div><div class=\"w-separator size_large\"><\/div><h2 class=\"w-text us_custom_4bc06db1 us_animate_this\"><span class=\"w-text-h\"><span class=\"w-text-value\">Relev\u00e2ncia e contexto<\/span><\/span><\/h2><\/div><\/div><\/div><\/div><\/section><section class=\"l-section wpb_row height_medium\"><div class=\"l-section-h i-cf\"><div class=\"g-cols vc_row via_grid cols_3 laptops-cols_inherit tablets-cols_2 mobiles-cols_1 valign_top type_default stacking_default\" style=\"--columns-gap:0.8rem;\"><div class=\"wpb_column vc_column_container us_custom_2916c6c6 us_animate_this has_bg_color\"><div class=\"vc_column-inner\"><div class=\"w-separator size_small\"><\/div><div class=\"wpb_text_column us_custom_40f7935c has_text_color\"><div class=\"wpb_wrapper\"><h4>01\/ \u00c2mbito<\/h4>\n<p class=\"p1\">A\u00e7ores, Can\u00e1rias, Madeira, Cabo Verde, Gana, Costa do Marfim e Senegal.<\/p>\n<\/div><\/div><div class=\"w-separator size_small\"><\/div><\/div><\/div><div class=\"wpb_column vc_column_container us_custom_3e117a41 us_animate_this has_bg_color\"><div class=\"vc_column-inner\"><div class=\"w-separator size_small\"><\/div><div class=\"wpb_text_column\"><div class=\"wpb_wrapper\"><h4>02\/ Desafios comuns<\/h4>\n<p class=\"p1\">Avan\u00e7ar na transforma\u00e7\u00e3o dos sistemas alimentares das regi\u00f5es envolvidas no projeto para um sistema alimentar centrado na produ\u00e7\u00e3o de alimentos seguros, nutritivos, dispon\u00edveis e sustent\u00e1veis, al\u00e9m de acess\u00edveis \u00e0 popula\u00e7\u00e3o \u2013 alimentos a que cham\u00e1mos tripla\u2011S.<\/p>\n<\/div><\/div><\/div><\/div><div class=\"wpb_column vc_column_container us_custom_ff9fa581 us_animate_this has_bg_color\"><div class=\"vc_column-inner\"><div class=\"w-separator size_small\"><\/div><div class=\"wpb_text_column\"><div class=\"wpb_wrapper\"><h4>03\/ Abordagem<\/h4>\n<p class=\"p1\">Este projeto \u00e9 pensado como uma troca de experi\u00eancias para desenvolver uma estrat\u00e9gia conjunta de produ\u00e7\u00e3o e consumo respons\u00e1veis de alimentos num quadro de economia circular.<\/p>\n<ul>\n<li class=\"p1\">A\u00e7ores, Can\u00e1rias e Madeira: monitoriza\u00e7\u00e3o de contaminantes em alimentos, impulso da sustentabilidade na produ\u00e7\u00e3o e promo\u00e7\u00e3o do produto local com a\u00e7\u00f5es de economia circular. <\/li>\n<li class=\"p1\">Cabo Verde: monitoriza\u00e7\u00e3o de contaminantes, promo\u00e7\u00e3o da produ\u00e7\u00e3o sustent\u00e1vel, avalia\u00e7\u00e3o do risco por ingest\u00e3o de contaminantes e da nutri\u00e7\u00e3o da popula\u00e7\u00e3o, estabelecendo medidas de sensibiliza\u00e7\u00e3o para o consumo respons\u00e1vel e apoio ao produto local.<\/li>\n<li class=\"p1\">Em Gana, Costa do Marfim e Senegal: ser\u00e1 lan\u00e7ado um programa-piloto de monitoriza\u00e7\u00e3o.<\/li>\n<\/ul>\n<\/div><\/div><div class=\"w-separator size_small\"><\/div><\/div><\/div><\/div><\/div><\/section>\n","protected":false},"excerpt":{"rendered":"","protected":false},"author":1,"featured_media":0,"parent":0,"menu_order":0,"comment_status":"closed","ping_status":"closed","template":"","meta":{"_acf_changed":false,"footnotes":""},"class_list":["post-379","page","type-page","status-publish","hentry"],"acf":[],"_links":{"self":[{"href":"https:\/\/alsemacproject.com\/pt-pt\/wp-json\/wp\/v2\/pages\/379","targetHints":{"allow":["GET"]}}],"collection":[{"href":"https:\/\/alsemacproject.com\/pt-pt\/wp-json\/wp\/v2\/pages"}],"about":[{"href":"https:\/\/alsemacproject.com\/pt-pt\/wp-json\/wp\/v2\/types\/page"}],"author":[{"embeddable":true,"href":"https:\/\/alsemacproject.com\/pt-pt\/wp-json\/wp\/v2\/users\/1"}],"replies":[{"embeddable":true,"href":"https:\/\/alsemacproject.com\/pt-pt\/wp-json\/wp\/v2\/comments?post=379"}],"version-history":[{"count":12,"href":"https:\/\/alsemacproject.com\/pt-pt\/wp-json\/wp\/v2\/pages\/379\/revisions"}],"predecessor-version":[{"id":447,"href":"https:\/\/alsemacproject.com\/pt-pt\/wp-json\/wp\/v2\/pages\/379\/revisions\/447"}],"wp:attachment":[{"href":"https:\/\/alsemacproject.com\/pt-pt\/wp-json\/wp\/v2\/media?parent=379"}],"curies":[{"name":"wp","href":"https:\/\/api.w.org\/{rel}","templated":true}]}}