{"id":451,"date":"2025-03-07T09:36:40","date_gmt":"2025-03-07T09:36:40","guid":{"rendered":"https:\/\/alsemacproject.com\/objetivos\/"},"modified":"2026-01-14T10:31:34","modified_gmt":"2026-01-14T10:31:34","slug":"objetivos","status":"publish","type":"page","link":"https:\/\/alsemacproject.com\/pt-pt\/objetivos\/","title":{"rendered":"Objetivos"},"content":{"rendered":"<section class=\"l-section wpb_row height_medium\"><div class=\"l-section-h i-cf\"><div class=\"g-cols vc_row via_grid cols_1 laptops-cols_inherit tablets-cols_inherit mobiles-cols_1 valign_top type_default stacking_default\"><div class=\"wpb_column vc_column_container\"><div class=\"vc_column-inner\"><h1 class=\"w-text us_custom_b03ebad0 us_animate_this\"><span class=\"w-text-h\"><span class=\"w-text-value\">Objetivos e atividades<\/span><\/span><\/h1><\/div><\/div><\/div><\/div><\/section><section class=\"l-section wpb_row height_medium\"><div class=\"l-section-h i-cf\"><div class=\"g-cols vc_row via_grid cols_4 laptops-cols_inherit tablets-cols_inherit mobiles-cols_1 valign_top type_default stacking_default\" style=\"--columns-gap:0.8rem;\"><div class=\"wpb_column vc_column_container us_custom_2916c6c6 card-hover-verde us_animate_this has_bg_color\"><div class=\"vc_column-inner\"><div class=\"w-iconbox iconpos_top style_default color_secondary align_left no_text no_title\"><div class=\"w-iconbox-icon\" style=\"font-size:3rem;\"><i class=\"fal fa-globe-africa\"><\/i><\/div><div class=\"w-iconbox-meta\"><\/div><\/div><div class=\"w-separator size_small\"><\/div><div class=\"wpb_text_column us_custom_40f7935c has_text_color\"><div class=\"wpb_wrapper\"><h4>Objetivo geral<\/h4>\n<p class=\"p1\">Promover o consumo respons\u00e1vel de alimentos seguros, saud\u00e1veis e sustent\u00e1veis, produzidos num quadro de economia circular eficiente nas Can\u00e1rias, Madeira, A\u00e7ores, Cabo Verde, Costa do Marfim, Senegal e Gana, aumentando a independ\u00eancia alimentar e econ\u00f3mica dos territ\u00f3rios.<\/p>\n<\/div><\/div><div class=\"w-separator size_small\"><\/div><\/div><\/div><div class=\"wpb_column vc_column_container us_custom_3e117a41 card-hover-crema us_animate_this has_bg_color\"><div class=\"vc_column-inner\"><div class=\"w-iconbox iconpos_top style_default color_secondary align_left no_text no_title\"><div class=\"w-iconbox-icon\" style=\"font-size:3rem;\"><i class=\"fal fa-radiation-alt\"><\/i><\/div><div class=\"w-iconbox-meta\"><\/div><\/div><div class=\"w-separator size_small\"><\/div><div class=\"wpb_text_column\"><div class=\"wpb_wrapper\"><h4>Objetivo espec\u00edfico 1 <\/h4>\n<p class=\"p1\">Identificar os perigos associados \u00e0 ingest\u00e3o de alimentos e caracteriza\u00e7\u00e3o nutricional.<\/p>\n<p class=\"p2\"><span class=\"s2\"><b>1.1.  <\/b><\/span>Identifica\u00e7\u00e3o e caracteriza\u00e7\u00e3o de produtos animais e vegetais de interesse para amostragem. Planeamento e execu\u00e7\u00e3o das colheitas. <\/p>\n<p class=\"p3\"><span class=\"s2\"><b>1.2.  <\/b><\/span>Monitoriza\u00e7\u00e3o de contaminantes org\u00e2nicos em produtos vegetais e animais: pesticidas, res\u00edduos de antibi\u00f3ticos, migrantes pl\u00e1sticos e micotoxinas.<\/p>\n<p class=\"p2\"><span class=\"s2\"><b>1.3.  <\/b><\/span>Monitoriza\u00e7\u00e3o de nutrientes e contaminantes inorg\u00e2nicos (metais pesados, elementos tra\u00e7o e terras raras) em produtos vegetais e animais.<\/p>\n<\/div><\/div><\/div><\/div><div class=\"wpb_column vc_column_container us_custom_ff9fa581 card-hover-crema us_animate_this has_bg_color\"><div class=\"vc_column-inner\"><div class=\"w-iconbox iconpos_top style_default color_secondary align_left no_text no_title\"><div class=\"w-iconbox-icon\" style=\"font-size:3rem;\"><i class=\"fal fa-recycle\"><\/i><\/div><div class=\"w-iconbox-meta\"><\/div><\/div><div class=\"w-separator size_small\"><\/div><div class=\"wpb_text_column\"><div class=\"wpb_wrapper\"><h4>Objetivo espec\u00edfico 2 <\/h4>\n<p class=\"p1\">Promover a sustentabilidade da produ\u00e7\u00e3o alimentar num quadro de economia circular eficiente.<\/p>\n<p class=\"p2\"><span class=\"s1\"><b>2.1.  <\/b><\/span>Estrat\u00e9gias de minimiza\u00e7\u00e3o do uso de produtos fitossanit\u00e1rios. Prote\u00e7\u00e3o da atividade biol\u00f3gica e da biodiversidade dos solos agr\u00edcolas. <\/p>\n<p class=\"p2\"><span class=\"s1\"><b>2.2.  <\/b><\/span>Fertiliza\u00e7\u00e3o org\u00e2nica: transforma\u00e7\u00e3o de res\u00edduos org\u00e2nicos em produtos de elevado valor agron\u00f3mico. Pegada de carbono. <\/p>\n<p class=\"p2\"><span class=\"s1\"><b>2.3.  <\/b><\/span>Introdu\u00e7\u00e3o e promo\u00e7\u00e3o de pr\u00e1ticas de agroecologia.<\/p>\n<\/div><\/div><div class=\"w-separator size_small\"><\/div><\/div><\/div><div class=\"wpb_column vc_column_container us_custom_667dc380 card-hover-crema us_animate_this has_bg_color\"><div class=\"vc_column-inner\"><div class=\"w-iconbox iconpos_top style_default color_secondary align_left no_text no_title\"><div class=\"w-iconbox-icon\" style=\"font-size:3rem;\"><i class=\"fal fa-fish\"><\/i><\/div><div class=\"w-iconbox-meta\"><\/div><\/div><div class=\"w-separator size_small\"><\/div><div class=\"wpb_text_column\"><div class=\"wpb_wrapper\"><h4>Objetivo espec\u00edfico 3 <\/h4>\n<p class=\"p1\">Promover o consumo respons\u00e1vel de alimentos. Alimentos tripla\u2011S: seguros, saud\u00e1veis e sustent\u00e1veis. <\/p>\n<p class=\"p2\"><span class=\"s1\"><b>3.1.  <\/b><\/span>Inqu\u00e9ritos de perce\u00e7\u00e3o da popula\u00e7\u00e3o sobre economia circular e seguran\u00e7a alimentar.<\/p>\n<p class=\"p2\"><span class=\"s1\"><b>3.2.  <\/b><\/span>Avalia\u00e7\u00e3o do risco por ingest\u00e3o: integra\u00e7\u00e3o de dados de consumo, caracteriza\u00e7\u00e3o do risco e avalia\u00e7\u00e3o nutricional.<\/p>\n<p class=\"p2\"><span class=\"s1\"><b>3.3.  <\/b><\/span>Estrat\u00e9gia conjunta de sensibiliza\u00e7\u00e3o da popula\u00e7\u00e3o: seguran\u00e7a alimentar, consumo respons\u00e1vel (produto local e\/ou importado) e dieta saud\u00e1vel.<\/p>\n<\/div><\/div><div class=\"w-separator size_small\"><\/div><\/div><\/div><\/div><\/div><\/section>\n","protected":false},"excerpt":{"rendered":"","protected":false},"author":1,"featured_media":0,"parent":0,"menu_order":0,"comment_status":"closed","ping_status":"closed","template":"","meta":{"_acf_changed":false,"footnotes":""},"class_list":["post-451","page","type-page","status-publish","hentry"],"acf":[],"_links":{"self":[{"href":"https:\/\/alsemacproject.com\/pt-pt\/wp-json\/wp\/v2\/pages\/451","targetHints":{"allow":["GET"]}}],"collection":[{"href":"https:\/\/alsemacproject.com\/pt-pt\/wp-json\/wp\/v2\/pages"}],"about":[{"href":"https:\/\/alsemacproject.com\/pt-pt\/wp-json\/wp\/v2\/types\/page"}],"author":[{"embeddable":true,"href":"https:\/\/alsemacproject.com\/pt-pt\/wp-json\/wp\/v2\/users\/1"}],"replies":[{"embeddable":true,"href":"https:\/\/alsemacproject.com\/pt-pt\/wp-json\/wp\/v2\/comments?post=451"}],"version-history":[{"count":5,"href":"https:\/\/alsemacproject.com\/pt-pt\/wp-json\/wp\/v2\/pages\/451\/revisions"}],"predecessor-version":[{"id":462,"href":"https:\/\/alsemacproject.com\/pt-pt\/wp-json\/wp\/v2\/pages\/451\/revisions\/462"}],"wp:attachment":[{"href":"https:\/\/alsemacproject.com\/pt-pt\/wp-json\/wp\/v2\/media?parent=451"}],"curies":[{"name":"wp","href":"https:\/\/api.w.org\/{rel}","templated":true}]}}