{"id":648,"date":"2025-03-07T09:39:49","date_gmt":"2025-03-07T09:39:49","guid":{"rendered":"https:\/\/alsemacproject.com\/noticias\/"},"modified":"2026-03-27T08:49:56","modified_gmt":"2026-03-27T08:49:56","slug":"noticias","status":"publish","type":"page","link":"https:\/\/alsemacproject.com\/pt-pt\/noticias\/","title":{"rendered":"Not\u00edcias"},"content":{"rendered":"<section class=\"l-section wpb_row us_custom_8e09cc6b height_medium\"><div class=\"l-section-h i-cf\"><div class=\"g-cols vc_row via_grid cols_1 laptops-cols_inherit tablets-cols_inherit mobiles-cols_1 valign_top type_default stacking_default\"><div class=\"wpb_column vc_column_container\"><div class=\"vc_column-inner\"><h1 class=\"w-text us_custom_eb849559\"><span class=\"w-text-h\"><span class=\"w-text-value\">Not\u00edcias<\/span><\/span><\/h1><\/div><\/div><\/div><\/div><\/section><section class=\"l-section wpb_row us_custom_6c56ab98 height_medium\"><div class=\"l-section-h i-cf\"><div class=\"g-cols vc_row via_grid cols_1 laptops-cols_inherit tablets-cols_inherit mobiles-cols_1 valign_top type_default stacking_default\"><div class=\"wpb_column vc_column_container\"><div class=\"vc_column-inner\"><div class=\"w-grid us_post_list type_grid layout_blog_1 cols_4 pagination_load_on_scroll preload_style_spinner\" id=\"us_post_list_a358\" style=\"--columns:4;--gap:1.5rem;\" data-filterable=\"true\"><style>@media (max-width:1024px){#us_post_list_a358{--columns:2!important}}@media (max-width:600px){#us_post_list_a358{--columns:1!important}}.layout_blog_1 .w-grid-item-h{}.layout_blog_1 .usg_post_image_1{margin-bottom:0.5rem!important}.layout_blog_1 .usg_post_title_1{font-size:1rem!important}<\/style><div class=\"w-grid-list\">\t<article class=\"w-grid-item size_1x1 post-740 post type-post status-publish format-standard has-post-thumbnail hentry category-noticias\" data-id=\"740\">\r\n\t\t<div class=\"w-grid-item-h\">\r\n\t\t\t\t\t\t<div class=\"w-post-elm post_image usg_post_image_1 stretched\"><a href=\"https:\/\/alsemacproject.com\/pt-pt\/workshop-importance-des-micro-organismes-du-sol-pour-la-fertilite-des-sols-et-la-resilience-des-agrosystemes\/\" aria-label=\"Workshop: Importance des micro-organismes du sol pour la fertilit\u00e9 des sols et la r\u00e9silience des agrosyst\u00e8mes\"><img loading=\"lazy\" decoding=\"async\" width=\"1024\" height=\"405\" src=\"https:\/\/alsemacproject.com\/wp-content\/uploads\/2026\/03\/ALSEMAC-Importance-des-micro-organismes-du-sol-pour-la-fertilite-des-sols-et-la-resilience-des-agrosystemes-1-1024x405.jpg\" class=\"attachment-large size-large wp-post-image\" alt=\"\" srcset=\"https:\/\/alsemacproject.com\/wp-content\/uploads\/2026\/03\/ALSEMAC-Importance-des-micro-organismes-du-sol-pour-la-fertilite-des-sols-et-la-resilience-des-agrosystemes-1-1024x405.jpg 1024w, https:\/\/alsemacproject.com\/wp-content\/uploads\/2026\/03\/ALSEMAC-Importance-des-micro-organismes-du-sol-pour-la-fertilite-des-sols-et-la-resilience-des-agrosystemes-1-300x119.jpg 300w, https:\/\/alsemacproject.com\/wp-content\/uploads\/2026\/03\/ALSEMAC-Importance-des-micro-organismes-du-sol-pour-la-fertilite-des-sols-et-la-resilience-des-agrosystemes-1-768x304.jpg 768w, https:\/\/alsemacproject.com\/wp-content\/uploads\/2026\/03\/ALSEMAC-Importance-des-micro-organismes-du-sol-pour-la-fertilite-des-sols-et-la-resilience-des-agrosystemes-1.jpg 1920w\" sizes=\"auto, (max-width: 1024px) 100vw, 1024px\" \/><\/a><\/div><h2 class=\"w-post-elm post_title usg_post_title_1 entry-title color_link_inherit\"><a href=\"https:\/\/alsemacproject.com\/pt-pt\/workshop-importance-des-micro-organismes-du-sol-pour-la-fertilite-des-sols-et-la-resilience-des-agrosystemes\/\">Workshop: Importance des micro-organismes du sol pour la fertilit\u00e9 des sols et la r\u00e9silience des agrosyst\u00e8mes<\/a><\/h2>\t\t<\/div>\r\n\t\t\t<\/article>\r\n\t<article class=\"w-grid-item size_1x1 post-745 post type-post status-publish format-standard has-post-thumbnail hentry category-noticias\" data-id=\"745\">\r\n\t\t<div class=\"w-grid-item-h\">\r\n\t\t\t\t\t\t<div class=\"w-post-elm post_image usg_post_image_1 stretched\"><a href=\"https:\/\/alsemacproject.com\/pt-pt\/seminario-alsemac-agricultura-e-praticas-agroecologicas-na-madeira-e-porto-santo\/\" aria-label=\"Semin\u00e1rio Alsemac: Agricultura e Pr\u00e1ticas Agroecol\u00f3gicas na Madeira e Porto Santo\"><img loading=\"lazy\" decoding=\"async\" width=\"1024\" height=\"491\" src=\"https:\/\/alsemacproject.com\/wp-content\/uploads\/2026\/05\/Convite_25x12_2-copiar-Recuperado-1024x491.jpg\" class=\"attachment-large size-large wp-post-image\" alt=\"\" srcset=\"https:\/\/alsemacproject.com\/wp-content\/uploads\/2026\/05\/Convite_25x12_2-copiar-Recuperado-1024x491.jpg 1024w, https:\/\/alsemacproject.com\/wp-content\/uploads\/2026\/05\/Convite_25x12_2-copiar-Recuperado-300x144.jpg 300w, https:\/\/alsemacproject.com\/wp-content\/uploads\/2026\/05\/Convite_25x12_2-copiar-Recuperado-768x368.jpg 768w, https:\/\/alsemacproject.com\/wp-content\/uploads\/2026\/05\/Convite_25x12_2-copiar-Recuperado.jpg 1968w\" sizes=\"auto, (max-width: 1024px) 100vw, 1024px\" \/><\/a><\/div><h2 class=\"w-post-elm post_title usg_post_title_1 entry-title color_link_inherit\"><a href=\"https:\/\/alsemacproject.com\/pt-pt\/seminario-alsemac-agricultura-e-praticas-agroecologicas-na-madeira-e-porto-santo\/\">Semin\u00e1rio Alsemac: Agricultura e Pr\u00e1ticas Agroecol\u00f3gicas na Madeira e Porto Santo<\/a><\/h2>\t\t<\/div>\r\n\t\t\t<\/article>\r\n<\/div><div class=\"g-loadmore hidden\"><div class=\"g-preloader type_1\"><div><\/div><\/div><\/div><div class=\"w-grid-list-json hidden\" onclick='return {&quot;max_num_pages&quot;:1,&quot;pagination&quot;:&quot;load_on_scroll&quot;,&quot;paged&quot;:1,&quot;ajaxData&quot;:{&quot;_nonce&quot;:&quot;ad63e82b47&quot;,&quot;action&quot;:&quot;us_ajax_post_list&quot;,&quot;template_vars&quot;:{&quot;paged&quot;:1,&quot;max_num_pages&quot;:1,&quot;no_results&quot;:false,&quot;source&quot;:&quot;all&quot;,&quot;custom_field_name&quot;:&quot;&quot;,&quot;ids&quot;:&quot;&quot;,&quot;post_type&quot;:&quot;post&quot;,&quot;post_author&quot;:&quot;any&quot;,&quot;post_author_ids&quot;:&quot;&quot;,&quot;exclude_children&quot;:0,&quot;exclude_current_post&quot;:1,&quot;exclude_prev_posts&quot;:0,&quot;apply_url_params&quot;:0,&quot;tax_query_relation&quot;:&quot;AND&quot;,&quot;tax_query&quot;:&quot;%5B%7B%22operator%22%3A%22IN%22%2C%22taxonomy%22%3A%22category%22%2C%22terms%22%3A%2220%22%2C%22include_children%22%3A0%7D%5D&quot;,&quot;meta_query_relation&quot;:&quot;none&quot;,&quot;meta_query&quot;:[{&quot;key&quot;:&quot;custom_field_name&quot;,&quot;compare&quot;:&quot;=&quot;,&quot;value&quot;:&quot;&quot;}],&quot;orderby&quot;:&quot;date&quot;,&quot;orderby_custom_field&quot;:&quot;&quot;,&quot;orderby_custom_type&quot;:0,&quot;order_invert&quot;:0,&quot;show_all&quot;:&quot;1&quot;,&quot;quantity&quot;:&quot;12&quot;,&quot;no_items_action&quot;:&quot;message&quot;,&quot;no_items_message&quot;:&quot;Nenhum resultado encontrado.&quot;,&quot;no_items_page_block&quot;:&quot;&quot;,&quot;pagination&quot;:&quot;load_on_scroll&quot;,&quot;pagination_style&quot;:&quot;&quot;,&quot;pagination_btn_text&quot;:&quot;Load More&quot;,&quot;pagination_btn_size&quot;:&quot;&quot;,&quot;pagination_btn_style&quot;:&quot;1&quot;,&quot;pagination_btn_fullwidth&quot;:0,&quot;items_layout&quot;:&quot;blog_1&quot;,&quot;type&quot;:&quot;grid&quot;,&quot;items_valign&quot;:0,&quot;ignore_items_size&quot;:0,&quot;columns&quot;:&quot;4&quot;,&quot;items_gap&quot;:&quot;1.5rem&quot;,&quot;load_animation&quot;:&quot;none&quot;,&quot;items_preload_style&quot;:&quot;spinner&quot;,&quot;img_size&quot;:&quot;default&quot;,&quot;title_size&quot;:&quot;&quot;,&quot;items_ratio&quot;:&quot;default&quot;,&quot;items_ratio_width&quot;:&quot;21&quot;,&quot;items_ratio_height&quot;:&quot;9&quot;,&quot;overriding_link&quot;:&quot;{\\&quot;url\\&quot;:\\&quot;\\&quot;}&quot;,&quot;popup_width&quot;:&quot;&quot;,&quot;popup_arrows&quot;:1,&quot;breakpoint_1_width&quot;:&quot;1381px&quot;,&quot;breakpoint_1_cols&quot;:&quot;default&quot;,&quot;breakpoint_1_gap&quot;:&quot;&quot;,&quot;breakpoint_2_width&quot;:&quot;1025px&quot;,&quot;breakpoint_2_cols&quot;:&quot;2&quot;,&quot;breakpoint_2_gap&quot;:&quot;&quot;,&quot;breakpoint_3_width&quot;:&quot;601px&quot;,&quot;breakpoint_3_cols&quot;:&quot;1&quot;,&quot;breakpoint_3_gap&quot;:&quot;&quot;,&quot;conditions_operator&quot;:&quot;always&quot;,&quot;conditions&quot;:[],&quot;css&quot;:null,&quot;el_class&quot;:&quot;&quot;,&quot;el_id&quot;:&quot;&quot;,&quot;enable_custom_html_atts&quot;:0,&quot;custom_html_atts&quot;:null,&quot;hide_on_states&quot;:&quot;&quot;,&quot;hide_for_sticky&quot;:0,&quot;hide_for_not_sticky&quot;:0,&quot;hide_below&quot;:&quot;0px&quot;,&quot;hide_above&quot;:&quot;0px&quot;,&quot;classes&quot;:&quot;&quot;}}}'><\/div><\/div><\/div><\/div><\/div><\/div><\/section>\n","protected":false},"excerpt":{"rendered":"","protected":false},"author":1,"featured_media":0,"parent":0,"menu_order":0,"comment_status":"closed","ping_status":"closed","template":"","meta":{"_acf_changed":false,"footnotes":""},"class_list":["post-648","page","type-page","status-publish","hentry"],"acf":[],"_links":{"self":[{"href":"https:\/\/alsemacproject.com\/pt-pt\/wp-json\/wp\/v2\/pages\/648","targetHints":{"allow":["GET"]}}],"collection":[{"href":"https:\/\/alsemacproject.com\/pt-pt\/wp-json\/wp\/v2\/pages"}],"about":[{"href":"https:\/\/alsemacproject.com\/pt-pt\/wp-json\/wp\/v2\/types\/page"}],"author":[{"embeddable":true,"href":"https:\/\/alsemacproject.com\/pt-pt\/wp-json\/wp\/v2\/users\/1"}],"replies":[{"embeddable":true,"href":"https:\/\/alsemacproject.com\/pt-pt\/wp-json\/wp\/v2\/comments?post=648"}],"version-history":[{"count":4,"href":"https:\/\/alsemacproject.com\/pt-pt\/wp-json\/wp\/v2\/pages\/648\/revisions"}],"predecessor-version":[{"id":724,"href":"https:\/\/alsemacproject.com\/pt-pt\/wp-json\/wp\/v2\/pages\/648\/revisions\/724"}],"wp:attachment":[{"href":"https:\/\/alsemacproject.com\/pt-pt\/wp-json\/wp\/v2\/media?parent=648"}],"curies":[{"name":"wp","href":"https:\/\/api.w.org\/{rel}","templated":true}]}}